{"id":9905,"date":"2024-05-28T11:36:33","date_gmt":"2024-05-28T14:36:33","guid":{"rendered":"https:\/\/bpsemijoiasfinas.com.br\/?post_type=product&#038;p=9905"},"modified":"2024-05-28T11:36:33","modified_gmt":"2024-05-28T14:36:33","slug":"colar-coracoes-vazados-ouro","status":"publish","type":"product","link":"https:\/\/bpsemijoiasfinas.com.br\/index.php\/product\/colar-coracoes-vazados-ouro\/","title":{"rendered":"Colar Cora\u00e7\u00f5es Vazados Ouro"},"content":{"rendered":"<p>Cole\u00e7\u00e3o Glam<\/p>\n<p>&nbsp;<\/p>\n<p>Sofisticada e atemporal, uma cole\u00e7\u00e3o que conecta todos os estilos. Elencada em glamour e eleg\u00e2ncia, suas composi\u00e7\u00f5es refletem esses adjetivos. A cole\u00e7\u00e3o Glam tem em seu design brilho e uma mescla de estilos.<\/p>\n<p>&nbsp;<\/p>\n<p>\u201cEm decorr\u00eancia de cada monitor, a cor da pedra e banho pode variar, sutilmente, da foto do site\u201d<\/p>\n<p>&nbsp;<\/p>\n<p>Dados T\u00e9cnicos:<\/p>\n<p>Medida da corrente: 45 cm + 7 cm de extensor.<\/p>\n<p>&nbsp;<\/p>\n<p>Banho: Ouro 18k.<\/p>\n<p>&nbsp;<\/p>\n<p>Cravejado com zirc\u00f4nias<\/p>\n<p>&nbsp;<\/p>\n<p>-\u00c9 uma pe\u00e7a hipoalerg\u00eanica, pois n\u00e3o cont\u00e9m n\u00edquel em sua composi\u00e7\u00e3o.<\/p>\n<p>-Dica da BP: Para fazer a limpeza dos seus acess\u00f3rios, use a nossa flanela m\u00e1gica, ela ajudar\u00e1 a manter suas pe\u00e7as sempre brilhantes.<br \/>\n<!--more--><\/p>\n","protected":false},"excerpt":{"rendered":"<p>Cole\u00e7\u00e3o Glam &nbsp; Sofisticada e atemporal, uma cole\u00e7\u00e3o que conecta todos os estilos. Elencada em glamour e eleg\u00e2ncia, suas composi\u00e7\u00f5es<\/p>\n","protected":false},"featured_media":9857,"comment_status":"open","ping_status":"closed","template":"","meta":[],"product_cat":[75,76],"product_tag":[],"jetpack_sharing_enabled":true,"_links":{"self":[{"href":"https:\/\/bpsemijoiasfinas.com.br\/index.php\/wp-json\/wp\/v2\/product\/9905"}],"collection":[{"href":"https:\/\/bpsemijoiasfinas.com.br\/index.php\/wp-json\/wp\/v2\/product"}],"about":[{"href":"https:\/\/bpsemijoiasfinas.com.br\/index.php\/wp-json\/wp\/v2\/types\/product"}],"replies":[{"embeddable":true,"href":"https:\/\/bpsemijoiasfinas.com.br\/index.php\/wp-json\/wp\/v2\/comments?post=9905"}],"version-history":[{"count":1,"href":"https:\/\/bpsemijoiasfinas.com.br\/index.php\/wp-json\/wp\/v2\/product\/9905\/revisions"}],"predecessor-version":[{"id":9906,"href":"https:\/\/bpsemijoiasfinas.com.br\/index.php\/wp-json\/wp\/v2\/product\/9905\/revisions\/9906"}],"wp:featuredmedia":[{"embeddable":true,"href":"https:\/\/bpsemijoiasfinas.com.br\/index.php\/wp-json\/wp\/v2\/media\/9857"}],"wp:attachment":[{"href":"https:\/\/bpsemijoiasfinas.com.br\/index.php\/wp-json\/wp\/v2\/media?parent=9905"}],"wp:term":[{"taxonomy":"product_cat","embeddable":true,"href":"https:\/\/bpsemijoiasfinas.com.br\/index.php\/wp-json\/wp\/v2\/product_cat?post=9905"},{"taxonomy":"product_tag","embeddable":true,"href":"https:\/\/bpsemijoiasfinas.com.br\/index.php\/wp-json\/wp\/v2\/product_tag?post=9905"}],"curies":[{"name":"wp","href":"https:\/\/api.w.org\/{rel}","templated":true}]}}