{"id":9835,"date":"2024-05-28T09:16:26","date_gmt":"2024-05-28T12:16:26","guid":{"rendered":"https:\/\/bpsemijoiasfinas.com.br\/?post_type=product&#038;p=9835"},"modified":"2024-05-28T10:22:42","modified_gmt":"2024-05-28T13:22:42","slug":"ear-cuff-navete-rosa","status":"publish","type":"product","link":"https:\/\/bpsemijoiasfinas.com.br\/index.php\/product\/ear-cuff-navete-rosa\/","title":{"rendered":"Ear Cuff Navete Rosa"},"content":{"rendered":"<div class=\"value\">\n<p>Cole\u00e7\u00e3o Glam<\/p>\n<p>Sofisticada e atemporal, uma cole\u00e7\u00e3o que conecta todos os estilos. Elencada em glamour e eleg\u00e2ncia, suas composi\u00e7\u00f5es refletem esses adjetivos. A cole\u00e7\u00e3o Glam tem em seu design brilho e uma mescla de estilos.<\/p>\n<p>\u201cEm decorr\u00eancia de cada monitor, a cor da pedra e banho pode variar, sutilmente, da foto do site\u201d<\/p>\n<p>Dados T\u00e9cnicos:<\/p><\/div>\n<div><\/div>\n<div class=\"value\">Banho: Ouro 18k.<\/div>\n<div><\/div>\n<div>Pedra: Zirc\u00f4nias Navetes<\/div>\n<div><\/div>\n<div class=\"value\">-\u00c9 uma pe\u00e7a hipoalerg\u00eanica, pois n\u00e3o cont\u00e9m n\u00edquel em sua composi\u00e7\u00e3o.<br \/>\n-Dica da BP: Para fazer a limpeza dos seus acess\u00f3rios, use a nossa flanela m\u00e1gica, ela ajudar\u00e1 a manter suas pe\u00e7as sempre brilhantes.<\/div>\n","protected":false},"excerpt":{"rendered":"<p>Cole\u00e7\u00e3o Glam Sofisticada e atemporal, uma cole\u00e7\u00e3o que conecta todos os estilos. Elencada em glamour e eleg\u00e2ncia, suas composi\u00e7\u00f5es refletem<\/p>\n","protected":false},"featured_media":9837,"comment_status":"open","ping_status":"closed","template":"","meta":[],"product_cat":[21,72],"product_tag":[],"jetpack_sharing_enabled":true,"_links":{"self":[{"href":"https:\/\/bpsemijoiasfinas.com.br\/index.php\/wp-json\/wp\/v2\/product\/9835"}],"collection":[{"href":"https:\/\/bpsemijoiasfinas.com.br\/index.php\/wp-json\/wp\/v2\/product"}],"about":[{"href":"https:\/\/bpsemijoiasfinas.com.br\/index.php\/wp-json\/wp\/v2\/types\/product"}],"replies":[{"embeddable":true,"href":"https:\/\/bpsemijoiasfinas.com.br\/index.php\/wp-json\/wp\/v2\/comments?post=9835"}],"version-history":[{"count":2,"href":"https:\/\/bpsemijoiasfinas.com.br\/index.php\/wp-json\/wp\/v2\/product\/9835\/revisions"}],"predecessor-version":[{"id":9879,"href":"https:\/\/bpsemijoiasfinas.com.br\/index.php\/wp-json\/wp\/v2\/product\/9835\/revisions\/9879"}],"wp:featuredmedia":[{"embeddable":true,"href":"https:\/\/bpsemijoiasfinas.com.br\/index.php\/wp-json\/wp\/v2\/media\/9837"}],"wp:attachment":[{"href":"https:\/\/bpsemijoiasfinas.com.br\/index.php\/wp-json\/wp\/v2\/media?parent=9835"}],"wp:term":[{"taxonomy":"product_cat","embeddable":true,"href":"https:\/\/bpsemijoiasfinas.com.br\/index.php\/wp-json\/wp\/v2\/product_cat?post=9835"},{"taxonomy":"product_tag","embeddable":true,"href":"https:\/\/bpsemijoiasfinas.com.br\/index.php\/wp-json\/wp\/v2\/product_tag?post=9835"}],"curies":[{"name":"wp","href":"https:\/\/api.w.org\/{rel}","templated":true}]}}