{"id":9253,"date":"2024-05-05T23:16:44","date_gmt":"2024-05-06T02:16:44","guid":{"rendered":"https:\/\/bpsemijoiasfinas.com.br\/index.php\/product\/anel-perola-7mm-cravejado-tmh-23\/"},"modified":"2024-05-15T10:23:55","modified_gmt":"2024-05-15T13:23:55","slug":"anel-perola-7mm-cravejado-tmh-23","status":"publish","type":"product","link":"https:\/\/bpsemijoiasfinas.com.br\/index.php\/product\/anel-perola-7mm-cravejado-tmh-23\/","title":{"rendered":"ANEL P\u00c9ROLA 7MM CRAVEJADO tmh 23"},"content":{"rendered":"","protected":false},"excerpt":{"rendered":"<p>Cole\u00e7\u00e3o Glam<\/p>\n<p>\u00a0<\/p>\n<p>Sofisticada e atemporal, uma cole\u00e7\u00e3o que conecta todos os estilos. Elencada em glamour e eleg\u00e2ncia, suas composi\u00e7\u00f5es refletem esses adjetivos. A cole\u00e7\u00e3o Glam tem em seu design brilho e uma mescla de estilos.<\/p>\n<p>\u00a0<\/p>\n<p>\u201cEm decorr\u00eancia de cada monitor, a cor da pedra e banho pode variar, sutilmente, da foto do site\u201d<\/p>\n<p>\u00a0<\/p>\n<p>\u201cImagem meramente ilustrativa, demais pe\u00e7as vendidas separadamente\u201d<\/p>\n","protected":false},"featured_media":9252,"comment_status":"open","ping_status":"closed","template":"","meta":[],"product_cat":[79,80],"product_tag":[],"jetpack_sharing_enabled":true,"_links":{"self":[{"href":"https:\/\/bpsemijoiasfinas.com.br\/index.php\/wp-json\/wp\/v2\/product\/9253"}],"collection":[{"href":"https:\/\/bpsemijoiasfinas.com.br\/index.php\/wp-json\/wp\/v2\/product"}],"about":[{"href":"https:\/\/bpsemijoiasfinas.com.br\/index.php\/wp-json\/wp\/v2\/types\/product"}],"replies":[{"embeddable":true,"href":"https:\/\/bpsemijoiasfinas.com.br\/index.php\/wp-json\/wp\/v2\/comments?post=9253"}],"version-history":[{"count":1,"href":"https:\/\/bpsemijoiasfinas.com.br\/index.php\/wp-json\/wp\/v2\/product\/9253\/revisions"}],"predecessor-version":[{"id":9441,"href":"https:\/\/bpsemijoiasfinas.com.br\/index.php\/wp-json\/wp\/v2\/product\/9253\/revisions\/9441"}],"wp:featuredmedia":[{"embeddable":true,"href":"https:\/\/bpsemijoiasfinas.com.br\/index.php\/wp-json\/wp\/v2\/media\/9252"}],"wp:attachment":[{"href":"https:\/\/bpsemijoiasfinas.com.br\/index.php\/wp-json\/wp\/v2\/media?parent=9253"}],"wp:term":[{"taxonomy":"product_cat","embeddable":true,"href":"https:\/\/bpsemijoiasfinas.com.br\/index.php\/wp-json\/wp\/v2\/product_cat?post=9253"},{"taxonomy":"product_tag","embeddable":true,"href":"https:\/\/bpsemijoiasfinas.com.br\/index.php\/wp-json\/wp\/v2\/product_tag?post=9253"}],"curies":[{"name":"wp","href":"https:\/\/api.w.org\/{rel}","templated":true}]}}