{"id":9186,"date":"2024-05-05T23:12:31","date_gmt":"2024-05-06T02:12:31","guid":{"rendered":"https:\/\/bpsemijoiasfinas.com.br\/index.php\/product\/colar-coracao-vazado\/"},"modified":"2024-05-15T10:24:42","modified_gmt":"2024-05-15T13:24:42","slug":"colar-coracao-vazado","status":"publish","type":"product","link":"https:\/\/bpsemijoiasfinas.com.br\/index.php\/product\/colar-coracao-vazado\/","title":{"rendered":"Colar Cora\u00e7\u00e3o Vazado"},"content":{"rendered":"","protected":false},"excerpt":{"rendered":"<p>Cole\u00e7\u00e3o Glam<\/p>\n<p>\u00a0<\/p>\n<p>Sofisticada e atemporal, uma cole\u00e7\u00e3o que conecta todos os estilos. Elencada em glamour e eleg\u00e2ncia, suas composi\u00e7\u00f5es refletem esses adjetivos. A cole\u00e7\u00e3o Glam tem em seu design brilho e uma mescla de estilos.<\/p>\n<p>\u00a0<\/p>\n<p>\u201cEm decorr\u00eancia de cada monitor, a cor da pedra e banho pode variar, sutilmente, da foto do site\u201d<\/p>\n<p>\u00a0<\/p>\n<p>\u201cImagem meramente ilustrativa, demais pe\u00e7as vendidas separadamente\u201d<\/p>\n","protected":false},"featured_media":9185,"comment_status":"open","ping_status":"closed","template":"","meta":[],"product_cat":[75,76],"product_tag":[],"jetpack_sharing_enabled":true,"_links":{"self":[{"href":"https:\/\/bpsemijoiasfinas.com.br\/index.php\/wp-json\/wp\/v2\/product\/9186"}],"collection":[{"href":"https:\/\/bpsemijoiasfinas.com.br\/index.php\/wp-json\/wp\/v2\/product"}],"about":[{"href":"https:\/\/bpsemijoiasfinas.com.br\/index.php\/wp-json\/wp\/v2\/types\/product"}],"replies":[{"embeddable":true,"href":"https:\/\/bpsemijoiasfinas.com.br\/index.php\/wp-json\/wp\/v2\/comments?post=9186"}],"version-history":[{"count":1,"href":"https:\/\/bpsemijoiasfinas.com.br\/index.php\/wp-json\/wp\/v2\/product\/9186\/revisions"}],"predecessor-version":[{"id":9481,"href":"https:\/\/bpsemijoiasfinas.com.br\/index.php\/wp-json\/wp\/v2\/product\/9186\/revisions\/9481"}],"wp:featuredmedia":[{"embeddable":true,"href":"https:\/\/bpsemijoiasfinas.com.br\/index.php\/wp-json\/wp\/v2\/media\/9185"}],"wp:attachment":[{"href":"https:\/\/bpsemijoiasfinas.com.br\/index.php\/wp-json\/wp\/v2\/media?parent=9186"}],"wp:term":[{"taxonomy":"product_cat","embeddable":true,"href":"https:\/\/bpsemijoiasfinas.com.br\/index.php\/wp-json\/wp\/v2\/product_cat?post=9186"},{"taxonomy":"product_tag","embeddable":true,"href":"https:\/\/bpsemijoiasfinas.com.br\/index.php\/wp-json\/wp\/v2\/product_tag?post=9186"}],"curies":[{"name":"wp","href":"https:\/\/api.w.org\/{rel}","templated":true}]}}