{"id":9076,"date":"2024-05-05T23:05:08","date_gmt":"2024-05-06T02:05:08","guid":{"rendered":"https:\/\/bpsemijoiasfinas.com.br\/index.php\/product\/colar-longo-coracoes-ouro\/"},"modified":"2024-05-15T10:25:49","modified_gmt":"2024-05-15T13:25:49","slug":"colar-longo-coracoes-ouro","status":"publish","type":"product","link":"https:\/\/bpsemijoiasfinas.com.br\/index.php\/product\/colar-longo-coracoes-ouro\/","title":{"rendered":"Colar Longo cora\u00e7\u00f5es Ouro"},"content":{"rendered":"","protected":false},"excerpt":{"rendered":"<p>Cole\u00e7\u00e3o Glam<\/p>\n<p>\u00a0<\/p>\n<p>Sofisticada e atemporal, uma cole\u00e7\u00e3o que conecta todos os estilos. Elencada em glamour e eleg\u00e2ncia, suas composi\u00e7\u00f5es refletem esses adjetivos. A cole\u00e7\u00e3o Glam tem em seu design brilho e uma mescla de estilos.<\/p>\n<p>\u00a0<\/p>\n<p>\u201cEm decorr\u00eancia de cada monitor, a cor da pedra e banho pode variar, sutilmente, da foto do site\u201d<\/p>\n<p>\u00a0<\/p>\n<p>\u201cImagem meramente ilustrativa, demais pe\u00e7as vendidas separadamente\u201d<\/p>\n","protected":false},"featured_media":9075,"comment_status":"open","ping_status":"closed","template":"","meta":[],"product_cat":[75,76],"product_tag":[],"jetpack_sharing_enabled":true,"_links":{"self":[{"href":"https:\/\/bpsemijoiasfinas.com.br\/index.php\/wp-json\/wp\/v2\/product\/9076"}],"collection":[{"href":"https:\/\/bpsemijoiasfinas.com.br\/index.php\/wp-json\/wp\/v2\/product"}],"about":[{"href":"https:\/\/bpsemijoiasfinas.com.br\/index.php\/wp-json\/wp\/v2\/types\/product"}],"replies":[{"embeddable":true,"href":"https:\/\/bpsemijoiasfinas.com.br\/index.php\/wp-json\/wp\/v2\/comments?post=9076"}],"version-history":[{"count":1,"href":"https:\/\/bpsemijoiasfinas.com.br\/index.php\/wp-json\/wp\/v2\/product\/9076\/revisions"}],"predecessor-version":[{"id":9570,"href":"https:\/\/bpsemijoiasfinas.com.br\/index.php\/wp-json\/wp\/v2\/product\/9076\/revisions\/9570"}],"wp:featuredmedia":[{"embeddable":true,"href":"https:\/\/bpsemijoiasfinas.com.br\/index.php\/wp-json\/wp\/v2\/media\/9075"}],"wp:attachment":[{"href":"https:\/\/bpsemijoiasfinas.com.br\/index.php\/wp-json\/wp\/v2\/media?parent=9076"}],"wp:term":[{"taxonomy":"product_cat","embeddable":true,"href":"https:\/\/bpsemijoiasfinas.com.br\/index.php\/wp-json\/wp\/v2\/product_cat?post=9076"},{"taxonomy":"product_tag","embeddable":true,"href":"https:\/\/bpsemijoiasfinas.com.br\/index.php\/wp-json\/wp\/v2\/product_tag?post=9076"}],"curies":[{"name":"wp","href":"https:\/\/api.w.org\/{rel}","templated":true}]}}